{"id":728,"date":"2019-04-08T22:36:18","date_gmt":"2019-04-08T20:36:18","guid":{"rendered":"https:\/\/besserwissen.org\/?page_id=728"},"modified":"2026-04-11T15:16:21","modified_gmt":"2026-04-11T13:16:21","slug":"news","status":"publish","type":"page","link":"https:\/\/besserwissen.org\/?page_id=728","title":{"rendered":"News"},"content":{"rendered":"<p>Auch\u00a0 2026 bieten wir allerlei sch\u00f6ne Kurse an.<\/p>\n<p>B2 als Intensivkurs (20. M\u00e4rz bis 26. Juni 2026 und 14. September bis 18. Dezember 2026).<\/p>\n<p>Auch f\u00fcr C1\/Medizin haben wir einen weiteren Kurs geplant (14. September bis 18. Dezember 2026).<\/p>\n<p>Grundstufe (A1 bis B2) f\u00fcr schnelle Lerner*Innen (vom 13. April bis zum 29. September 2026)<br \/>Das Kollegium von besser: wissen freut sich auf Sie und auf euch.<\/p>\n\n\n<p><\/p>\n","protected":false},"excerpt":{"rendered":"<p>Auch\u00a0 2026 bieten wir allerlei sch\u00f6ne Kurse an. B2 als Intensivkurs (20. M\u00e4rz bis 26. Juni 2026 und 14. September bis 18. Dezember 2026). Auch f\u00fcr C1\/Medizin haben wir einen weiteren Kurs geplant (14. September bis 18. Dezember 2026). Grundstufe (A1 bis B2) f\u00fcr schnelle Lerner*Innen (vom 13. April bis zum 29. September 2026)Das Kollegium &#8230; <a title=\"News\" class=\"read-more\" href=\"https:\/\/besserwissen.org\/?page_id=728\">Weiterlesen <span class=\"screen-reader-text\">News<\/span><\/a><\/p>\n","protected":false},"author":1,"featured_media":0,"parent":0,"menu_order":0,"comment_status":"closed","ping_status":"closed","template":"","meta":{"footnotes":""},"class_list":["post-728","page","type-page","status-publish"],"_links":{"self":[{"href":"https:\/\/besserwissen.org\/index.php?rest_route=\/wp\/v2\/pages\/728"}],"collection":[{"href":"https:\/\/besserwissen.org\/index.php?rest_route=\/wp\/v2\/pages"}],"about":[{"href":"https:\/\/besserwissen.org\/index.php?rest_route=\/wp\/v2\/types\/page"}],"author":[{"embeddable":true,"href":"https:\/\/besserwissen.org\/index.php?rest_route=\/wp\/v2\/users\/1"}],"replies":[{"embeddable":true,"href":"https:\/\/besserwissen.org\/index.php?rest_route=%2Fwp%2Fv2%2Fcomments&post=728"}],"version-history":[{"count":49,"href":"https:\/\/besserwissen.org\/index.php?rest_route=\/wp\/v2\/pages\/728\/revisions"}],"predecessor-version":[{"id":1617,"href":"https:\/\/besserwissen.org\/index.php?rest_route=\/wp\/v2\/pages\/728\/revisions\/1617"}],"wp:attachment":[{"href":"https:\/\/besserwissen.org\/index.php?rest_route=%2Fwp%2Fv2%2Fmedia&parent=728"}],"curies":[{"name":"wp","href":"https:\/\/api.w.org\/{rel}","templated":true}]}}