{"id":732,"date":"2019-04-08T22:38:54","date_gmt":"2019-04-08T20:38:54","guid":{"rendered":"https:\/\/besserwissen.org\/?page_id=732"},"modified":"2020-11-17T20:42:51","modified_gmt":"2020-11-17T18:42:51","slug":"732-2","status":"publish","type":"page","link":"https:\/\/besserwissen.org\/?page_id=732","title":{"rendered":"AGB"},"content":{"rendered":"<header class=\"entry-header\">\n<h1 class=\"entry-title\"><strong style=\"font-size: inherit; background-color: initial;\">Allgemeine Gesch\u00e4ftsbedingungen<\/strong><\/h1>\n<\/header>\n<div class=\"entry-content\">\n<p><strong>Stand:<\/strong>\u00a03. September 2020<\/p>\n<p>Sie interessieren sich f\u00fcr einen Kurs oder ein Einzeltraining im Sprachinstitut\u00a0<strong>besser: wissen<\/strong>. Anbei unsere Allgemeinen Gesch\u00e4ftsbedingungen, die wir Sie bitten, genau zu lesen.<\/p>\n<p><strong>1a<\/strong>. Unsere Kurse im Einzeltraining oder in der Kleinstgruppe bieten wir pro Semester an: vom 1. M\u00e4rz bis zum 31. August und vom 1. September bis zum 28.\/29. Februar. Diese Termine sind verbindlich und lassen sich nicht verschieben. Fehlstunden werden nicht nachgegeben oder erstattet. Sie zahlen pro Monat. Dabei wird die gesamte Kursgeb\u00fchr gemittelt und auf die sechs Monate eines Semesters umgerechnet, also auch auf die unterrichtsfreie Zeit in den Schulferien.<\/p>\n<p><strong>1b<\/strong>. Sie k\u00f6nnen bei uns f\u00fcnf Termine im Paket buchen. Diese Termine sind verbindlich und lassen sich nicht verschieben. Fehlstunden werden nicht nachgegeben oder erstattet.<\/p>\n<p><strong>1c<\/strong>. Sie k\u00f6nnen Trainings pro Monat vereinbaren. Diese Termine sind verbindlich und lassen sich nicht verschieben. Fehlstunden werden nicht nachgegeben oder erstattet.<\/p>\n<p><strong>2<\/strong>. Unterrichtsausfall, den\u00a0<strong>besser: wissen<\/strong>\u00a0verschuldet, (z.B. durch Krankheit der Lehrkraft) wird entweder nachgeholt oder das Institut stellt eine qualifizierte Vertretung.<\/p>\n<p><strong>3a<\/strong>. Schriftlich k\u00fcndigen k\u00f6nnen Semesterkunden vier Wochen vor Semesterende. Ungek\u00fcndigte Vertr\u00e4ge verl\u00e4ngern sich um ein weiteres Semester. Nur bei l\u00e4ngerer ununterbrochener Krankheit ist ein vorzeitiges K\u00fcndigen m\u00f6glich. Daf\u00fcr ben\u00f6tigen wir ein \u00e4rztliches Attest. Ein Anspruch auf Kostenerstattung besteht nicht.<\/p>\n<p><strong>3b<\/strong>. Trainings, die im 5er-Paket oder pro Monat vereinbart werden, k\u00f6nnen am Ende eines 5er-Pakets oder am Ende eines Monats gek\u00fcndigt werden. Die K\u00fcndigung muss uns schriftlich oder per Mail vorliegen.<\/p>\n<p><strong>4<\/strong>. In unseren R\u00e4umlichkeiten, K\u00f6nigstra\u00dfe 23, sind Sie gegen Unf\u00e4lle versichert. Eine Aufsicht f\u00fcr die Kinder- und Jugendkurse stellen wir nur w\u00e4hrend des Unterrichts.<\/p>\n<p><strong>5<\/strong>. Das Datenschutzrecht schreibt uns vor, Sie darauf hinzuweisen, dass wir Ihre Anschrift, Mailadresse und Telefonnummer elektronisch speichern und zum Zweck der Kontaktaufnahme und der Rechnungstellung benutzen. Daten werden nicht an unbefugte Dritte weitergereicht.<\/p>\n<p><strong>6<\/strong>. Neukunden berechnen wir eine Einschreibegeb\u00fchr von 18 \u20ac. Eine detaillierte Teilnahmebescheinigung kostet 18 \u20ac. Die Bescheinigung holen Sie sich bitte zu unseren \u00d6ffnungszeiten ab und zahlen die Geb\u00fchr in bar. Kostenlose Probestunden gibt es bei uns grunds\u00e4tzlich nicht.<\/p>\n<p><strong>7<\/strong>. Sofern eine dieser Vereinbarungen unwirksam sein sollte, ber\u00fchrt dies nicht den Bestand des Vertrages und die G\u00fcltigkeit der \u00fcbrigen Bestimmungen.<\/p>\n<\/div>\n","protected":false},"excerpt":{"rendered":"<p>Allgemeine Gesch\u00e4ftsbedingungen Stand:\u00a03. September 2020 Sie interessieren sich f\u00fcr einen Kurs oder ein Einzeltraining im Sprachinstitut\u00a0besser: wissen. Anbei unsere Allgemeinen Gesch\u00e4ftsbedingungen, die wir Sie bitten, genau zu lesen. 1a. Unsere Kurse im Einzeltraining oder in der Kleinstgruppe bieten wir pro Semester an: vom 1. M\u00e4rz bis zum 31. August und vom 1. September bis zum &#8230; <a title=\"AGB\" class=\"read-more\" href=\"https:\/\/besserwissen.org\/?page_id=732\">Weiterlesen <span class=\"screen-reader-text\">AGB<\/span><\/a><\/p>\n","protected":false},"author":1,"featured_media":0,"parent":0,"menu_order":0,"comment_status":"closed","ping_status":"closed","template":"","meta":{"footnotes":""},"class_list":["post-732","page","type-page","status-publish"],"_links":{"self":[{"href":"https:\/\/besserwissen.org\/index.php?rest_route=\/wp\/v2\/pages\/732"}],"collection":[{"href":"https:\/\/besserwissen.org\/index.php?rest_route=\/wp\/v2\/pages"}],"about":[{"href":"https:\/\/besserwissen.org\/index.php?rest_route=\/wp\/v2\/types\/page"}],"author":[{"embeddable":true,"href":"https:\/\/besserwissen.org\/index.php?rest_route=\/wp\/v2\/users\/1"}],"replies":[{"embeddable":true,"href":"https:\/\/besserwissen.org\/index.php?rest_route=%2Fwp%2Fv2%2Fcomments&post=732"}],"version-history":[{"count":6,"href":"https:\/\/besserwissen.org\/index.php?rest_route=\/wp\/v2\/pages\/732\/revisions"}],"predecessor-version":[{"id":1194,"href":"https:\/\/besserwissen.org\/index.php?rest_route=\/wp\/v2\/pages\/732\/revisions\/1194"}],"wp:attachment":[{"href":"https:\/\/besserwissen.org\/index.php?rest_route=%2Fwp%2Fv2%2Fmedia&parent=732"}],"curies":[{"name":"wp","href":"https:\/\/api.w.org\/{rel}","templated":true}]}}