{"id":879,"date":"2019-08-13T18:40:34","date_gmt":"2019-08-13T16:40:34","guid":{"rendered":"https:\/\/besserwissen.org\/?page_id=879"},"modified":"2020-11-17T22:54:09","modified_gmt":"2020-11-17T20:54:09","slug":"fremdsprachen-deutsch-fuer-manager","status":"publish","type":"page","link":"https:\/\/besserwissen.org\/?page_id=879","title":{"rendered":"Fremdsprachen \/ Deutsch f\u00fcr Manager"},"content":{"rendered":"<p><img decoding=\"async\" src=\"https:\/\/besserwissen.org\/wp-content\/uploads\/2020\/08\/AdobeStock_246426850-1024x362.jpeg\" \/><\/p>\n<p>In Verhandlungen, bei Pr\u00e4sentationen, in der Korrespondenz, am Telefon und beim informellen Austausch unter Kollegen ist erfolgreich, wer<\/p>\n<ul>\n<li>komplizierte Sachverhalte verst\u00e4ndlich darstellen kann<\/li>\n<li>Gedanken sprachlich auszugestalten vermag<\/li>\n<li>Redeziele durch die richtige Wortwahl erreicht<\/li>\n<\/ul>\n<p>Wissen ist der Schl\u00fcssel zum Erfolg. Gerade Englisch hat sich zur internationalen Plattform-Sprache entwickelt. Aber auch f\u00fcr Spanisch, Franz\u00f6sisch, Russisch und Chinesisch gilt: Mehr Zukunftschancen hat, wer mehr wei\u00df. Nur durch lebenslanges Lernen bleibt der einzelne Mitarbeiter einer Firma \u2013 und in der Summe das ganze Unternehmen \u2013 im internationalen Vergleich konkurrenzf\u00e4hig.<\/p>\n<p><u><b>Coaching f\u00fcr F\u00fchrungskr\u00e4fte<\/b><\/u><\/p>\n<ul type=\"disc\">\n<li>intensiv und zielgerichtet<\/li>\n<li>Termine: nach Absprache<\/li>\n<li>Unterrichtsort: nach Absprache<\/li>\n<\/ul>\n<p>Gerne unterbreiten wir Ihnen ein Angebot.<\/p>\n","protected":false},"excerpt":{"rendered":"<p>In Verhandlungen, bei Pr\u00e4sentationen, in der Korrespondenz, am Telefon und beim informellen Austausch unter Kollegen ist erfolgreich, wer komplizierte Sachverhalte verst\u00e4ndlich darstellen kann Gedanken sprachlich auszugestalten vermag Redeziele durch die richtige Wortwahl erreicht Wissen ist der Schl\u00fcssel zum Erfolg. Gerade Englisch hat sich zur internationalen Plattform-Sprache entwickelt. Aber auch f\u00fcr Spanisch, Franz\u00f6sisch, Russisch und Chinesisch &#8230; <a title=\"Fremdsprachen \/ Deutsch f\u00fcr Manager\" class=\"read-more\" href=\"https:\/\/besserwissen.org\/?page_id=879\">Weiterlesen <span class=\"screen-reader-text\">Fremdsprachen \/ Deutsch f\u00fcr Manager<\/span><\/a><\/p>\n","protected":false},"author":2,"featured_media":0,"parent":0,"menu_order":0,"comment_status":"closed","ping_status":"closed","template":"","meta":{"footnotes":""},"class_list":["post-879","page","type-page","status-publish"],"_links":{"self":[{"href":"https:\/\/besserwissen.org\/index.php?rest_route=\/wp\/v2\/pages\/879"}],"collection":[{"href":"https:\/\/besserwissen.org\/index.php?rest_route=\/wp\/v2\/pages"}],"about":[{"href":"https:\/\/besserwissen.org\/index.php?rest_route=\/wp\/v2\/types\/page"}],"author":[{"embeddable":true,"href":"https:\/\/besserwissen.org\/index.php?rest_route=\/wp\/v2\/users\/2"}],"replies":[{"embeddable":true,"href":"https:\/\/besserwissen.org\/index.php?rest_route=%2Fwp%2Fv2%2Fcomments&post=879"}],"version-history":[{"count":9,"href":"https:\/\/besserwissen.org\/index.php?rest_route=\/wp\/v2\/pages\/879\/revisions"}],"predecessor-version":[{"id":1199,"href":"https:\/\/besserwissen.org\/index.php?rest_route=\/wp\/v2\/pages\/879\/revisions\/1199"}],"wp:attachment":[{"href":"https:\/\/besserwissen.org\/index.php?rest_route=%2Fwp%2Fv2%2Fmedia&parent=879"}],"curies":[{"name":"wp","href":"https:\/\/api.w.org\/{rel}","templated":true}]}}