{"id":885,"date":"2019-08-13T18:41:04","date_gmt":"2019-08-13T16:41:04","guid":{"rendered":"https:\/\/besserwissen.org\/?page_id=885"},"modified":"2025-02-06T17:16:55","modified_gmt":"2025-02-06T15:16:55","slug":"fremdsprachen","status":"publish","type":"page","link":"https:\/\/besserwissen.org\/?page_id=885","title":{"rendered":"Fremdsprachen"},"content":{"rendered":"<p class=\"p1\"><span class=\"s1\">Unsere\u00a0<b>Sprachkurse<\/b> sind zielgerichtet, weil der\u00a0<br \/>Unterricht <\/span><span class=\"s1\">fundiert aufgebaut wird und <img loading=\"lazy\" decoding=\"async\" class=\"wp-image-960 alignright\" src=\"https:\/\/besserwissen.org\/wp-content\/uploads\/2020\/08\/AdobeStock_218060975-scaled-e1598703789320.jpeg\" alt=\"\" width=\"269\" height=\"258\" srcset=\"https:\/\/besserwissen.org\/wp-content\/uploads\/2020\/08\/AdobeStock_218060975-scaled-e1598703789320.jpeg 1779w, https:\/\/besserwissen.org\/wp-content\/uploads\/2020\/08\/AdobeStock_218060975-scaled-e1598703789320-300x288.jpeg 300w, https:\/\/besserwissen.org\/wp-content\/uploads\/2020\/08\/AdobeStock_218060975-scaled-e1598703789320-1024x983.jpeg 1024w, https:\/\/besserwissen.org\/wp-content\/uploads\/2020\/08\/AdobeStock_218060975-scaled-e1598703789320-768x737.jpeg 768w, https:\/\/besserwissen.org\/wp-content\/uploads\/2020\/08\/AdobeStock_218060975-scaled-e1598703789320-1536x1475.jpeg 1536w\" sizes=\"(max-width: 269px) 100vw, 269px\" \/>durchdacht ist.\u00a0 \u00a0 Wir legen Wert auf Effektivit\u00e4t und Fr\u00f6hlichkeit. Machen Sie sich gerne selbst ein Bild.<\/span><\/p>\n<p class=\"p1\"><span class=\"s1\">Die\u00a0<b>Preise unserer Kurse<\/b>\u00a0finden Sie unten auf dieser Seite.<\/span><\/p>\n<p class=\"p3\"><span class=\"s1\"><b>Englisch<\/b><\/span><\/p>\n<p class=\"p1\"><span class=\"s2\"><b>Englisch f\u00fcr Anf\u00e4nger (Niveau A1\/A1+)<\/b><\/span><\/p>\n<ul class=\"ul1\">\n<li class=\"li4\"><span class=\"s3\">Basisgrammatik und Grundwortschatz<\/span><\/li>\n<li class=\"li4\"><span class=\"s3\">Angaben zur Person, Verst\u00e4ndigung als Tourist<\/span><\/li>\n<li class=\"li4\"><span class=\"s3\">Trainerin: Doris V\u00f6lkel<\/span><\/li>\n<li class=\"li4\"><span class=\"s3\">Beginn: auf Anfrage<\/span><\/li>\n<\/ul>\n<p class=\"p1\"><span class=\"s2\"><b>Konversation und Grammatik (Niveau A2\/A2+)<\/b><\/span><\/p>\n<ul class=\"ul1\">\n<li class=\"li4\"><span class=\"s3\">Festigung von Wortschatz und Grammatik<\/span><\/li>\n<li class=\"li4\"><span class=\"s3\">Verst\u00e4ndigung in typischen Alltagssituationen und am Telefon<\/span><\/li>\n<li class=\"li4\"><span class=\"s3\">Trainerin: Doris V\u00f6lkel<\/span><\/li>\n<li class=\"li4\"><span class=\"s3\">Beginn: auf Anfrage<\/span><\/li>\n<\/ul>\n<p class=\"p1\"><span class=\"s2\"><b>Konversation und Grammatik (Niveau B2)<\/b><\/span><\/p>\n<ul class=\"ul1\">\n<li class=\"li4\"><span class=\"s3\">Erweiterung von Wortschatz und Grammatik<\/span><\/li>\n<li class=\"li4\"><span class=\"s3\">Informationsaustausch und Argumentieren<\/span><\/li>\n<li class=\"li4\"><span class=\"s3\">Trainer: Derek Marshall<\/span><\/li>\n<li class=\"li4\"><span class=\"s3\">freitags 15:15 Uhr<\/span><\/li>\n<\/ul>\n<p class=\"p1\"><span class=\"s1\"><b>Konversation und Grammatik (Niveau B2)<\/b><\/span><\/p>\n<ul class=\"ul1\">\n<li class=\"li4\"><span class=\"s3\">Erweiterung von Wortschatz und Grammatik<\/span><\/li>\n<li class=\"li4\"><span class=\"s3\">Trainieren von Genauigkeit im Informationsaustausch und im Argumentieren<\/span><\/li>\n<li class=\"li4\"><span class=\"s3\">Trainer: Jenny Munro, Derek Marshall, Sara Meitner und Doris V\u00f6lkel\u00a0<\/span><\/li>\n<li><span class=\"s3\">Termine nach Absprache<\/span><\/li>\n<li class=\"li4\"><span class=\"s3\">Beginn: auf Anfrage<\/span><\/li>\n<\/ul>\n<p class=\"p1\"><span class=\"s2\"><b>Franz\u00f6sisch f\u00fcr Anf\u00e4nger (Niveau A1)<\/b><\/span><\/p>\n<ul class=\"ul1\">\n<li class=\"li4\"><span class=\"s3\">Grammatik und freies Sprechen<\/span><\/li>\n<li class=\"li4\"><span class=\"s3\">Angaben zur Person, Verst\u00e4ndigung als Tourist<\/span><\/li>\n<li class=\"li4\"><span class=\"s3\">Trainerin: Marianne Wauquier<\/span><\/li>\n<li class=\"li4\"><span class=\"s3\">Beginn: auf Anfrage<\/span><\/li>\n<\/ul>\n<p class=\"p1\"><span class=\"s2\"><b>Franz\u00f6sische Konversation (Niveau B1\/B2)<\/b><\/span><\/p>\n<ul class=\"ul1\">\n<li class=\"li4\"><span class=\"s3\">Grammatik und freies Sprechen<\/span><\/li>\n<li class=\"li4\"><span class=\"s3\">Informationsaustausch, Diskutieren, Wiederholung der Grammatik<\/span><\/li>\n<li class=\"li4\"><span class=\"s3\">Trainerin: Marianne Wauquier<\/span><\/li>\n<li class=\"li4\"><span class=\"s3\">auf Anfrage<\/span><\/li>\n<\/ul>\n<p><img loading=\"lazy\" decoding=\"async\" class=\"alignright\" src=\"https:\/\/besserwissen.org\/wp-content\/uploads\/2020\/08\/AdobeStock_316886630-scaled-e1598703850977-889x1024.jpeg\" width=\"277\" height=\"319\" \/><\/p>\n<p class=\"p3\"><span class=\"s1\"><b>Portugiesisch<\/b><\/span><\/p>\n<p class=\"p1\"><span class=\"s2\"><b>Portugiesisch f\u00fcr Anf\u00e4nger (Niveau A1)<\/b><\/span><\/p>\n<ul class=\"ul1\">\n<li class=\"li4\"><span class=\"s3\">Grammatik und freies Sprechen<\/span><\/li>\n<li class=\"li4\"><span class=\"s3\">Angaben zur Person, Verst\u00e4ndigung als Tourist<\/span><\/li>\n<li class=\"li4\"><span class=\"s3\">Trainerin: Paula Maria do Nascimento St\u00e9fani<\/span><\/li>\n<li><span class=\"s3\">Termine nach Absprache<\/span><\/li>\n<li class=\"li4\"><span class=\"s3\">Beginn: auf Anfrage<\/span><\/li>\n<\/ul>\n<p class=\"p3\"><span class=\"s1\"><b>Italienisch<\/b><\/span><\/p>\n<p class=\"p1\"><span class=\"s2\"><b>Italienisch f\u00fcr sehr weit Fortgeschrittene (Niveau C1\/C2)<\/b><\/span><\/p>\n<ul class=\"ul1\">\n<li class=\"li4\"><span class=\"s3\">Wortschatz, Grammatik und freies Sprechen<\/span><\/li>\n<li class=\"li4\"><span class=\"s3\">Informationsaustausch und Argumentieren<\/span><\/li>\n<li class=\"li4\"><span class=\"s3\">Trainerin: Eugenia Zambrano und Antonio Ardigo<\/span><\/li>\n<li class=\"li4\"><span class=\"s3\">Beginn: auf Anfrage<\/span><\/li>\n<\/ul>\n<p class=\"p1\"><span class=\"s2\"><b>Konversation und Grammatik (Niveau nach Einstufung<\/b><\/span><\/p>\n<ul class=\"ul1\">\n<li class=\"li4\"><span class=\"s3\">Grundwortschatz, Grammatik und freies Sprechen<\/span><\/li>\n<li class=\"li4\"><span class=\"s3\">Verst\u00e4ndigung in typischen Alltagssituationen<\/span><\/li>\n<li class=\"li4\"><span class=\"s3\">Trainer: Eugenia Zambrano und Antonio Ardigo<\/span><\/li>\n<li class=\"li4\"><span class=\"s3\">Termine nach Absprache<\/span><\/li>\n<\/ul>\n<p class=\"p3\"><span class=\"s1\"><b>Spanisch<\/b><\/span><\/p>\n<p class=\"p1\"><span class=\"s2\"><b>Vorbereitung auf Pr\u00fcfungen in Spanisch<\/b><\/span><\/p>\n<ul class=\"ul1\">\n<li class=\"li4\"><span class=\"s3\">Trainerin: Eugenia Zambrano<\/span><\/li>\n<li class=\"li4\"><span class=\"s3\">Nivel b\u00e1sico; Nivel intermedio; Nivel avanzado<\/span><\/li>\n<li class=\"li4\"><span class=\"s3\">intensiv und zielgerichtet<\/span><\/li>\n<li class=\"li4\"><span class=\"s3\">Termine: nach Absprache<\/span><\/li>\n<\/ul>\n<p class=\"p1\"><span class=\"s2\"><b>Spanisch f\u00fcr Anf\u00e4nger (principiante)<\/b><\/span><\/p>\n<ul class=\"ul1\">\n<li class=\"li4\"><span class=\"s3\">Grundwortschatz, Grammatik und freies Sprechen<\/span><\/li>\n<li class=\"li4\"><span class=\"s3\">Angaben zur Person, Verst\u00e4ndigung als Tourist<\/span><\/li>\n<li class=\"li4\"><span class=\"s3\">Trainer: Jacqueline Goya und Eugenia Zambrano\u00a0<\/span><\/li>\n<li class=\"li4\"><span class=\"s3\">Beginn: auf Anfrage<\/span><\/li>\n<\/ul>\n<p class=\"p1\"><span class=\"s2\"><b>Spanisch f\u00fcr Fortgeschrittene (intermedio)<\/b><\/span><\/p>\n<ul class=\"ul1\">\n<li class=\"li4\"><span class=\"s3\">Grundwortschatz, Grammatik und freies Sprechen<\/span><\/li>\n<li class=\"li4\"><span class=\"s3\">Informationsaustausch und Argumentieren<\/span><\/li>\n<li class=\"li4\"><span class=\"s3\">Trainer: Jacqueline Goya und Eugenia Zambrano\u00a0<\/span><\/li>\n<li class=\"li4\"><span class=\"s3\">auf Anfrage<\/span><\/li>\n<\/ul>\n<p class=\"p1\"><span class=\"s2\"><b>Konversation Spanisch (avanzado)<\/b><\/span><\/p>\n<ul class=\"ul1\">\n<li class=\"li4\"><span class=\"s3\">Grammatik und freies Sprechen<\/span><\/li>\n<li class=\"li4\"><span class=\"s3\">Routine in spanischen Gespr\u00e4chen und pr\u00e4zises Formulieren<\/span><\/li>\n<li class=\"li4\"><span class=\"s3\">Trainer: Jacqueline Goya und Eugenia Zambrano<\/span><\/li>\n<li class=\"li4\"><span class=\"s3\">Beginn: auf Anfrage<\/span><\/li>\n<\/ul>\n<p class=\"p3\"><span class=\"s1\"><b>Russisch<\/b><\/span><\/p>\n<p class=\"p1\"><span class=\"s2\"><b>Russisch f\u00fcr Anf\u00e4nger und Fortgeschrittene<\/b><\/span><\/p>\n<ul class=\"ul1\">\n<li class=\"li4\"><span class=\"s3\">Grammatik und freies Sprechen<\/span><\/li>\n<li class=\"li4\"><span class=\"s3\">Angaben zur Person, Verst\u00e4ndigung als Tourist, Informationsaustausch<\/span><\/li>\n<li class=\"li4\"><span class=\"s3\">Trainerin: Marina Mikhaylova\u00a0<\/span><\/li>\n<li class=\"li4\"><span class=\"s3\">Zeitraum: nach Absprache<\/span><\/li>\n<li class=\"li4\"><span class=\"s3\">Termine: nach Absprache<\/span><\/li>\n<\/ul>\n<p class=\"p3\"><span class=\"s1\"><b>Polnisch<\/b><\/span><\/p>\n<p><span class=\"s4\"><b>Polnisch f\u00fcr Anf\u00e4nger und Fortgeschrittene<\/b><\/span><\/p>\n<ul class=\"ul1\">\n<li class=\"li4\"><span class=\"s3\">Grammatik und freies Sprechen<\/span><\/li>\n<li class=\"li4\"><span class=\"s3\">Angaben zur Person, Verst\u00e4ndigung als Tourist, Informationsaustausch<\/span><\/li>\n<li class=\"li4\"><span class=\"s3\">Trainerin: Izabella Lucas\u00a0<\/span><\/li>\n<li class=\"li4\"><span class=\"s3\">Zeitraum: nach Absprache<\/span><\/li>\n<li class=\"li4\"><span class=\"s3\">Termine: nach Absprache<\/span><\/li>\n<\/ul>\n<p class=\"p3\"><span class=\"s1\"><b>Japanisch<\/b><\/span><\/p>\n<p><span class=\"s4\"><b>Japanisch f\u00fcr Anf\u00e4nger und Fortgeschrittene<\/b><\/span><\/p>\n<ul class=\"ul1\">\n<li class=\"li4\"><span class=\"s3\">Grammatik und freies Sprechen<\/span><\/li>\n<li class=\"li4\"><span class=\"s3\">Angaben zur Person, Verst\u00e4ndigung als Tourist, Informationsaustausch<\/span><\/li>\n<li class=\"li4\"><span class=\"s3\">Trainer: Saeko Takayama und Oswald Becker<\/span><\/li>\n<li class=\"li4\"><span class=\"s3\">Zeitraum: nach Absprache<\/span><\/li>\n<li class=\"li4\"><span class=\"s3\">Termine: nach Absprache<\/span><\/li>\n<\/ul>\n<p class=\"p3\"><span class=\"s1\"><b>Chinesisch<\/b><\/span><\/p>\n<p><span class=\"s4\"><b>Chinesisch f\u00fcr Anf\u00e4nger und Fortgeschrittene<\/b><\/span><\/p>\n<ul class=\"ul1\">\n<li class=\"li4\"><span class=\"s3\">Grammatik, Lesen der Schriftzeichen und freies Sprechen<\/span><\/li>\n<li class=\"li4\"><span class=\"s3\">Trainerin: Phoebe Lee<\/span><\/li>\n<li class=\"li4\"><span class=\"s3\">Zeitraum: nach Absprache<\/span><\/li>\n<li class=\"li4\"><span class=\"s3\">Termine: nach Absprache<\/span><\/li>\n<\/ul>\n<p class=\"p3\"><span class=\"s1\"><b>Kursgeb\u00fchren<\/b><\/span><\/p>\n<p class=\"p1\"><span class=\"s1\">Unsere Kurse bieten wir fortlaufend an. Abgerechnet wird in der Regel am Ende eines Monats.\u00a0<\/span><\/p>\n<p class=\"p1\"><span class=\"s1\">Einzeltraining: 49 \u20ac f\u00fcr 60 Minuten<\/span><\/p>\n<p class=\"p1\"><span class=\"s1\">Zweiergruppe: 33 \u20ac f\u00fcr 60 Minuten pro Person<\/span><\/p>\n<p class=\"p1\"><span class=\"s1\">Dreiergruppe: 25 \u20ac f\u00fcr 60 Minuten pro Person<\/span><\/p>\n<p class=\"p1\"><span class=\"s1\">Kleingruppe (4 bis 8 Personen): 20 \u20ac f\u00fcr 60\u00a0Minuten pro Person<\/span><\/p>\n<p>Dar<span class=\"s1\">\u00fcber hinaus k\u00f6nnen Sie bei uns Specials buchen, d.h. Sie legen sich auf f\u00fcnf oder zehn Termine im Paket fest.<\/span><\/p>\n<p class=\"p1\"><span class=\"s1\">Special: 5 x 60 Minuten = 245 Euro (Einzeltraining)<\/span><\/p>\n<p>Special: 5 x 60 Minuten = 165 Euro (2 Personen)<\/p>\n<p>Special: 10 x 60 Minuten = 250 Euro (3 Personen)<\/p>\n<p>Special: 10 x 60 Minuten = 200 Euro (4-8 Personen)<\/p>\n<p class=\"p1\">\u00a0<\/p>\n\n\n<p><\/p>\n","protected":false},"excerpt":{"rendered":"<p>Unsere\u00a0Sprachkurse sind zielgerichtet, weil der\u00a0Unterricht fundiert aufgebaut wird und durchdacht ist.\u00a0 \u00a0 Wir legen Wert auf Effektivit\u00e4t und Fr\u00f6hlichkeit. Machen Sie sich gerne selbst ein Bild. Die\u00a0Preise unserer Kurse\u00a0finden Sie unten auf dieser Seite. Englisch Englisch f\u00fcr Anf\u00e4nger (Niveau A1\/A1+) Basisgrammatik und Grundwortschatz Angaben zur Person, Verst\u00e4ndigung als Tourist Trainerin: Doris V\u00f6lkel Beginn: auf Anfrage &#8230; <a title=\"Fremdsprachen\" class=\"read-more\" href=\"https:\/\/besserwissen.org\/?page_id=885\">Weiterlesen <span class=\"screen-reader-text\">Fremdsprachen<\/span><\/a><\/p>\n","protected":false},"author":2,"featured_media":0,"parent":0,"menu_order":0,"comment_status":"closed","ping_status":"closed","template":"","meta":{"footnotes":""},"class_list":["post-885","page","type-page","status-publish"],"_links":{"self":[{"href":"https:\/\/besserwissen.org\/index.php?rest_route=\/wp\/v2\/pages\/885"}],"collection":[{"href":"https:\/\/besserwissen.org\/index.php?rest_route=\/wp\/v2\/pages"}],"about":[{"href":"https:\/\/besserwissen.org\/index.php?rest_route=\/wp\/v2\/types\/page"}],"author":[{"embeddable":true,"href":"https:\/\/besserwissen.org\/index.php?rest_route=\/wp\/v2\/users\/2"}],"replies":[{"embeddable":true,"href":"https:\/\/besserwissen.org\/index.php?rest_route=%2Fwp%2Fv2%2Fcomments&post=885"}],"version-history":[{"count":13,"href":"https:\/\/besserwissen.org\/index.php?rest_route=\/wp\/v2\/pages\/885\/revisions"}],"predecessor-version":[{"id":1542,"href":"https:\/\/besserwissen.org\/index.php?rest_route=\/wp\/v2\/pages\/885\/revisions\/1542"}],"wp:attachment":[{"href":"https:\/\/besserwissen.org\/index.php?rest_route=%2Fwp%2Fv2%2Fmedia&parent=885"}],"curies":[{"name":"wp","href":"https:\/\/api.w.org\/{rel}","templated":true}]}}