{"id":888,"date":"2019-08-13T18:41:16","date_gmt":"2019-08-13T16:41:16","guid":{"rendered":"https:\/\/besserwissen.org\/?page_id=888"},"modified":"2026-03-15T16:41:41","modified_gmt":"2026-03-15T14:41:41","slug":"deutsch-als-fremdsprache","status":"publish","type":"page","link":"https:\/\/besserwissen.org\/?page_id=888","title":{"rendered":"Deutsch als Fremdsprache"},"content":{"rendered":"<header class=\"entry-header\">\n<h1 class=\"entry-title\">Deutsch als Fremdsprache<\/h1>\n<\/header>\n<div class=\"entry-content\">\n<p><img loading=\"lazy\" decoding=\"async\" class=\"alignright\" src=\"https:\/\/besserwissen.org\/wp-content\/uploads\/2020\/08\/AdobeStock_169665663-1024x683.jpeg\" width=\"432\" height=\"288\" \/><\/p>\n<p class=\"p1\"><span class=\"s1\"><b>Deutsch als Fremdsprache<\/b><\/span><\/p>\n<p class=\"p3\"><span class=\"s1\">Das\u00a0<b>Intensivtraining Deutsch als Fremdsprache<\/b>\u00a0erm\u00f6glicht rasches und effektives Deutschlernen. Nur in Minigruppen ist freies Sprechen bei st\u00e4ndiger Grammatikkontrolle durch den Lehrer m\u00f6glich.<\/span><\/p>\n<p class=\"p4\"><span class=\"s2\"><b>besser: wissen<\/b><\/span><span class=\"s1\"> bereitet Studierende auf C1-Pr\u00fcfungen vor, die eine Voraussetzung f\u00fcr das Studium in Deutschland sind.<\/span><\/p>\n<p><span class=\"s1\">Die\u00a0<b>Preise unserer Kurse<\/b>\u00a0finden Sie entweder direkt in der Kursbeschreibung oder unten auf dieser Seite.<\/span><\/p>\n<p><span class=\"s1\">Damit sprachliche Kommunikation funktioniert, sind neben grammatikalischen Regeln auch Sprachrhythmus, Betonung und Intonation von besonderer Bedeutung. Sie sind entscheidend f\u00fcr den Verlauf des Gespr\u00e4chs, des Vortrags, der Verhandlung. Nach neueren Untersuchungen ist die Aussprache f\u00fcr die Integration fast wichtiger als die Grammatik \u2013 und damit auch f\u00fcr Bewerbung und Arbeit in Deutschland. Deshalb bietet\u00a0<\/span><span class=\"s2\"><b>besser: wissen<\/b><\/span><span class=\"s1\">\u00a0Phonetik an. Das Aussprachetraining \u201cWeg mit dem Akzent!\u201d gibt es nur als Einzeltraining oder in der Zweiergruppe.<\/span><\/p>\n<p class=\"p3\"><span class=\"s4\"><b>Weg mit dem Akzent!<\/b><\/span><\/p>\n<ul class=\"ul1\">\n<li class=\"li5\"><b><\/b><span class=\"s5\">Aussprache (Phonetik) und freies Sprechen<\/span><\/li>\n<li class=\"li5\"><b><\/b><span class=\"s5\">Trainer: Jan Becker<\/span><\/li>\n<li class=\"li5\"><b><\/b><span class=\"s5\">60 Minuten = 49 Euro (Einzeltraining)<\/span><\/li>\n<li class=\"li5\"><b><\/b><span class=\"s5\">60 Minuten = 33 Euro pro Person (Zweiergruppe)<\/span><\/li>\n<li class=\"li5\"><b><\/b><span class=\"s5\">Termine: nach Absprache<\/span><\/li>\n<li class=\"li5\"><b><\/b><span class=\"s5\"><b>Einzeltraining oder Zweiergruppen<\/b><\/span><\/li>\n<\/ul>\n<p class=\"p3\"><span class=\"s4\"><b>Intensivkurs am Vormittag: Deutsch f\u00fcr Studierende (Grundstufe A1 bis B2)<\/b><\/span><\/p>\n<ul class=\"ul1\">\n<li class=\"li5\"><span class=\"s5\">Grammatik, Lese \u2013 und H\u00f6rverstehen, freies Sprechen<\/span><\/li>\n<li class=\"li5\"><span class=\"s5\">Leitung: Sabine Becker<\/span><\/li>\n<li class=\"li5\"><span class=\"s5\">20 x 45 Minuten pro Woche (ab 6 Personen)<\/span><\/li>\n<li><span class=\"s5\"><strong>Sommer-Intensivkurs 2026<\/strong>\u00a0A1 bis B2, schnelle Progression: 13. April 2026 bis 29. September 2026 (<b>Intensivkurs<\/b>, Level A1 bis B1 und Pr\u00fcfungstraining B2, 155 \u20ac pro Woche, 2635 \u20ac f\u00fcr 17 Wochen insgesamt, Lehrwerke sind inbegriffen), montags, dienstags, donnerstags und freitags 8:15 \u2013 11:30 Uhr, mittwochs 9:30 \u2013 12:45 Uhr<\/span><\/li>\n<\/ul>\n<p class=\"p3\"><span class=\"s4\"><b>Intensivkurs am Vormittag: Deutsch f\u00fcr Studierende (Grundstufe A1 bis B2)<\/b><\/span><\/p>\n<ul class=\"ul1\">\n<li class=\"li5\"><span class=\"s5\">Grammatik, Lese \u2013 und H\u00f6rverstehen, freies Sprechen<\/span><\/li>\n<li class=\"li5\"><span class=\"s5\">Leitung: Sabine Becker<\/span><\/li>\n<li class=\"li5\"><span class=\"s5\">20 x 45 Minuten pro Woche (ab 6 Personen)<\/span><\/li>\n<li><span class=\"s5\"><strong>Winter-Intensivkurs 2026\/2027<\/strong> A1 bis B2, schnelle Progression: 5. Oktober 2026 bis 12. M\u00e4rz 2027 (<b>Intensivkurs<\/b>, Level A1 bis B1 und Pr\u00fcfungstraining B2, 160 \u20ac pro Woche, 2880 \u20ac f\u00fcr 18 Wochen insgesamt, Lehrwerke sind inbegriffen), montags, dienstags, donnerstags und freitags 8:15 \u2013 11:30 Uhr, mittwochs 9:30 \u2013 12:45 Uhr<\/span><\/li>\n<\/ul>\n<p class=\"p3\"><span class=\"s4\"><b>Kleiner Abendkurs B2<\/b><\/span><\/p>\n<ul class=\"ul1\">\n<li class=\"li5\"><span class=\"s5\">Grammatik, Lese \u2013 und H\u00f6rverstehen, freies Sprechen<\/span><\/li>\n<li class=\"li5\"><span class=\"s5\">Phoebe Lee und Jan Becker<\/span><\/li>\n<li class=\"li5\"><span class=\"s5\">4 x 45 Minuten pro Woche (ab 2 Personen)<\/span><\/li>\n<li><span class=\"s5\"><strong>viel Konversation und wenig Grammatik!<\/strong> auf Anfrage<\/span><\/li>\n<li><span class=\"s5\">60 \u20ac pro Woche (2 Personen): gesamt = 600 \u20ac plus 1 Buch \u00e0 25 \u20ac<\/span><\/li>\n<li><span class=\"s5\">40 \u20ac pro Woche (3 Personen): gesamt = 400 \u20ac plus 1 Buch \u00e0 25 \u20ac<\/span><\/li>\n<li><span class=\"s5\">30 \u20ac pro Woche (ab 4 Personen): gesamt = 300 \u20ac plus 1 Buch \u00e0 25 \u20ac<\/span><\/li>\n<li><span class=\"s5\">\u00a010 Wochen \/ 20 Termine insgesamt<\/span><\/li>\n<li><span class=\"s5\">montags 17:30 &#8211; 19 Uhr und mittwochs 18:30 \u2013 20 Uhr<\/span><\/li>\n<\/ul>\n<p class=\"p3\"><span class=\"s4\"><b>Intensivkurs B2 am Nachmittag<\/b><\/span><\/p>\n<ul class=\"ul1\">\n<li class=\"li5\"><span class=\"s5\">Grammatik, Lese \u2013 und H\u00f6rverstehen, freies Sprechen<\/span><\/li>\n<li class=\"li5\"><span class=\"s5\">Leitung: Ulrike Hoffmeier<\/span><\/li>\n<li class=\"li5\"><span class=\"s5\">20 x 45 Minuten pro Woche (ab 6 Personen)<\/span><\/li>\n<li><span class=\"s5\"><strong>Fr\u00fchjahrs-Intensivkurs 2026<\/strong>, angenehme Progression: 20. M\u00e4rz 2026 bis 26. Juni 2026 (Level B2, 155 \u20ac pro Woche, 1705 \u20ac f\u00fcr 11 Wochen insgesamt, Lehrwerke sind inbegriffen), montags bis freitags 14:15 \u2013 17:30 Uhr<\/span><\/li>\n<\/ul>\n<p class=\"p3\"><span class=\"s4\"><b>Intensivkurs B2 am Nachmittag<\/b><\/span><\/p>\n<ul class=\"ul1\">\n<li class=\"li5\"><span class=\"s5\">Grammatik, Lese \u2013 und H\u00f6rverstehen, freies Sprechen<\/span><\/li>\n<li class=\"li5\"><span class=\"s5\">Leitung: Ulrike Hoffmeier<\/span><\/li>\n<li class=\"li5\"><span class=\"s5\">20 x 45 Minuten pro Woche (ab 6 Personen)<\/span><\/li>\n<li><span class=\"s5\"><strong>Herbst-Intensivkurs 2026<\/strong>, angenehme Progression: 14. September 2026 bis 18. Dezember 2026 (Level B2, 160 \u20ac pro Woche, 1920 \u20ac f\u00fcr 12 Wochen insgesamt, Lehrwerke sind inbegriffen), montags bis freitags 14:15 \u2013 17:30 Uhr<\/span><\/li>\n<\/ul>\n<p class=\"p3\"><span class=\"s4\"><b>Intensivkurs B2 am Nachmittag<\/b><\/span><\/p>\n<ul class=\"ul1\">\n<li class=\"li5\"><span class=\"s5\">Grammatik, Lese \u2013 und H\u00f6rverstehen, freies Sprechen<\/span><\/li>\n<li class=\"li5\"><span class=\"s5\">Leitung: Ulrike Hoffmeier<\/span><\/li>\n<li class=\"li5\"><span class=\"s5\">20 x 45 Minuten pro Woche (ab 6 Personen)<\/span><\/li>\n<li><span class=\"s5\"><strong>Winter-Intensivkurs 2027<\/strong>, angenehme Progression: 7. Januar 2027 bis 19. M\u00e4rz 2027 (Level B2, 160 \u20ac pro Woche, 1600 \u20ac f\u00fcr 10 Wochen insgesamt, Lehrwerke sind inbegriffen), montags bis freitags 14:15 \u2013 17:30 Uhr<\/span><\/li>\n<\/ul>\n<p class=\"p3\"><span class=\"s4\"><b>Grammatikkurs Deutsch C1\u00a0<\/b><\/span><\/p>\n<ul class=\"ul1\">\n<li><span style=\"background-color: initial; font-size: inherit;\">Leitung: Doris V\u00f6lkel<\/span><\/li>\n<li class=\"li5\"><span class=\"s5\">8 x 45 Minuten pro Woche (ab 6 Personen)<\/span><\/li>\n<li><span class=\"s5\">Wortschatz und Grammatik<\/span><\/li>\n<li><span class=\"s5\"><strong>Fr\u00fchjahrs-Intensivkurs 2026<\/strong>, angenehme Progression: 20. M\u00e4rz 2026 bis 26. Juni 2026 (62 \u20ac pro Woche, 382 \u20ac f\u00fcr 11 Wochen insgesamt, Lehrwerke sind inbegriffen), montags und dienstags 13:30 \u2013 15 Uhr, mittwochs 11:45 \u2013 15 Uhr<\/span><\/li>\n<\/ul>\n<p class=\"p3\"><span class=\"s4\"><b>Intensivkurs Deutsch C1 \/ Pr\u00fcfungstraining C1 \/<br \/>\nDeutsch C1 Medizin \u2013 Vorbereitung auf die Fachsprachpr\u00fcfung Medizin \/ wahlweise Zahnmedizin, auch geeignet f\u00fcr ApothekerInnen<\/b><\/span><\/p>\n<ul class=\"ul1\">\n<li class=\"li5\"><span class=\"s5\">Leitung: Sabine Becker<\/span><\/li>\n<li class=\"li5\"><span class=\"s5\">20 x 45 Minuten pro Woche (ab 6 Personen)<\/span><\/li>\n<li><span class=\"s5\">Wortschatz aus Krankenhaus, (Zahnarzt)Praxis und Apotheke, Anamnese, Arztbriefe, Patientengespr\u00e4che, Pr\u00fcfungstraining<\/span><\/li>\n<li><span class=\"s5\"><strong>Herbst-Intensivkurs 2026<\/strong>, angenehme Progression: 14. September 2026 bis 18. Dezember 2026 (160 \u20ac pro Woche, 1920 \u20ac f\u00fcr 12 Wochen insgesamt, Lehrwerke sind inbegriffen), montags und dienstags 11:45 \u2013 15 Uhr, mittwochs 11:45 \u2013 15 Uhr, donnerstags 10 \u2013 13:15 Uhr und freitags 11:45 \u2013 15 Uhr<\/span><\/li>\n<\/ul>\n<p class=\"p3\"><span class=\"s4\"><b>Intensivkurs Deutsch C1 \/ Pr\u00fcfungstraining C1 \/<br \/>\nDeutsch C1 Medizin \u2013 Vorbereitung auf die Fachsprachpr\u00fcfung Medizin \/ wahlweise Zahnmedizin, auch geeignet f\u00fcr ApothekerInnen<\/b><\/span><\/p>\n<ul class=\"ul1\">\n<li class=\"li5\"><span class=\"s5\">Leitung: Sabine Becker<\/span><\/li>\n<li class=\"li5\"><span class=\"s5\">20 x 45 Minuten pro Woche (ab 6 Personen)<\/span><\/li>\n<li><span class=\"s5\">Wortschatz aus Krankenhaus, (Zahnarzt)Praxis und Apotheke, Anamnese, Arztbriefe, Patientengespr\u00e4che, Pr\u00fcfungstraining<\/span><\/li>\n<li><span class=\"s5\"><strong>Winter-Intensivkurs 2027<\/strong>, angenehme Progression: 7. Januar 2027 bis 19. M\u00e4rz 2027 (160 \u20ac pro Woche, 1600 \u20ac f\u00fcr 10 Wochen insgesamt, Lehrwerke sind inbegriffen), montags und dienstags 11:45 \u2013 15 Uhr, mittwochs 11:45 \u2013 15 Uhr, donnerstags 10 \u2013 13:15 Uhr und freitags 11:45 \u2013 15 Uhr<\/span><\/li>\n<\/ul>\n<p class=\"p1\"><span class=\"s1\"><b><br \/>\nKursgeb\u00fchren<\/b><\/span><\/p>\n<p class=\"p3\"><span class=\"s1\">Die Preise unserer Gruppen- und Intensivkurse stehen direkt neben der Kursbeschreibung.<\/span><\/p>\n<p class=\"p3\"><span class=\"s1\">Einzeltraining f\u00fcr Privatkunden: 49 \u20ac pro 60-Minuten-Einheit (entsprechend 73,50 \u20ac pro 90-Minuten-Einheit)<\/span><\/p>\n<p>Aufnahmegeb\u00fchr: einmalig 22 \u20ac (nicht bei Intensivkursen)<\/p>\n<p><span class=\"s1\">Wir rechnen einmal pro Monat ab.<\/span><\/p>\n<\/div>\n","protected":false},"excerpt":{"rendered":"<p>Deutsch als Fremdsprache Deutsch als Fremdsprache Das\u00a0Intensivtraining Deutsch als Fremdsprache\u00a0erm\u00f6glicht rasches und effektives Deutschlernen. Nur in Minigruppen ist freies Sprechen bei st\u00e4ndiger Grammatikkontrolle durch den Lehrer m\u00f6glich. besser: wissen bereitet Studierende auf C1-Pr\u00fcfungen vor, die eine Voraussetzung f\u00fcr das Studium in Deutschland sind. Die\u00a0Preise unserer Kurse\u00a0finden Sie entweder direkt in der Kursbeschreibung oder unten auf &#8230; <a title=\"Deutsch als Fremdsprache\" class=\"read-more\" href=\"https:\/\/besserwissen.org\/?page_id=888\">Weiterlesen <span class=\"screen-reader-text\">Deutsch als Fremdsprache<\/span><\/a><\/p>\n","protected":false},"author":2,"featured_media":0,"parent":0,"menu_order":0,"comment_status":"closed","ping_status":"closed","template":"","meta":{"footnotes":""},"class_list":["post-888","page","type-page","status-publish"],"_links":{"self":[{"href":"https:\/\/besserwissen.org\/index.php?rest_route=\/wp\/v2\/pages\/888"}],"collection":[{"href":"https:\/\/besserwissen.org\/index.php?rest_route=\/wp\/v2\/pages"}],"about":[{"href":"https:\/\/besserwissen.org\/index.php?rest_route=\/wp\/v2\/types\/page"}],"author":[{"embeddable":true,"href":"https:\/\/besserwissen.org\/index.php?rest_route=\/wp\/v2\/users\/2"}],"replies":[{"embeddable":true,"href":"https:\/\/besserwissen.org\/index.php?rest_route=%2Fwp%2Fv2%2Fcomments&post=888"}],"version-history":[{"count":42,"href":"https:\/\/besserwissen.org\/index.php?rest_route=\/wp\/v2\/pages\/888\/revisions"}],"predecessor-version":[{"id":1615,"href":"https:\/\/besserwissen.org\/index.php?rest_route=\/wp\/v2\/pages\/888\/revisions\/1615"}],"wp:attachment":[{"href":"https:\/\/besserwissen.org\/index.php?rest_route=%2Fwp%2Fv2%2Fmedia&parent=888"}],"curies":[{"name":"wp","href":"https:\/\/api.w.org\/{rel}","templated":true}]}}