{"id":891,"date":"2019-08-13T18:41:28","date_gmt":"2019-08-13T16:41:28","guid":{"rendered":"https:\/\/besserwissen.org\/?page_id=891"},"modified":"2026-01-14T16:32:38","modified_gmt":"2026-01-14T14:32:38","slug":"literaturzirkel","status":"publish","type":"page","link":"https:\/\/besserwissen.org\/?page_id=891","title":{"rendered":"Literaturzirkel"},"content":{"rendered":"<p><span style=\"color: #ff9900;\"><strong>besser: wissen<\/strong> <\/span>bietet einen Literaturzirkel f\u00fcr ge\u00fcbte Leser an. Vier mal pro Semester trifft sich die kleine Runde von maximal zw\u00f6lf Personen und diskutiert \u00fcber ein Werk, das jeder zuvor gelesen hat. Besprochen werden anspruchsvolle B\u00fccher und nicht nur Neuerscheinungen.<\/p>\n<p><strong>Warum ist ein Buch gut oder schlecht? Was ist das Besondere daran? Was haben andere Leser darin entdeckt?<\/strong><\/p>\n<p><strong><img loading=\"lazy\" decoding=\"async\" class=\" wp-image-821 alignleft\" src=\"https:\/\/besserwissen.org\/wp-content\/uploads\/2019\/07\/Lesemo.jpg\" alt=\"\" width=\"231\" height=\"152\" \/>&#8222;Lesen und Reden\u201d \u2013 Literaturzirkel<\/strong><br \/>\nDiskussion \u00fcber Romane und Theaterst\u00fccke<br \/>\nModeration: Dr. Cornelia Schoof<br \/>\n4 x 90 Minuten = gratis, aber mit Schnittchen :), dienstags (alle vier bis sechs Wochen)<br \/>\n18.30 \u2013 20 Uhr, K\u00f6nigstra\u00dfe 23<br \/>\n24. Februar, 21. April, 19. Mai und 23. Juni 2026<\/p>\n<p>erster Termin: &#8222;Der Bauch von Paris&#8220; von Emile Zola<br \/>\nzweiter Termin: \u201cWoyzeck&#8220; von Georg B\u00fcchner<br \/>\ndritter Termin: &#8222;Geschichte zweier St\u00e4dte&#8220; von Charles Dickens<br \/>\nvierter Termin: &#8222;Was wir wissen k\u00f6nnen&#8220; von Ian McEwan<\/p>\n","protected":false},"excerpt":{"rendered":"<p>besser: wissen bietet einen Literaturzirkel f\u00fcr ge\u00fcbte Leser an. Vier mal pro Semester trifft sich die kleine Runde von maximal zw\u00f6lf Personen und diskutiert \u00fcber ein Werk, das jeder zuvor gelesen hat. Besprochen werden anspruchsvolle B\u00fccher und nicht nur Neuerscheinungen. Warum ist ein Buch gut oder schlecht? Was ist das Besondere daran? Was haben andere &#8230; <a title=\"Literaturzirkel\" class=\"read-more\" href=\"https:\/\/besserwissen.org\/?page_id=891\">Weiterlesen <span class=\"screen-reader-text\">Literaturzirkel<\/span><\/a><\/p>\n","protected":false},"author":2,"featured_media":0,"parent":0,"menu_order":0,"comment_status":"closed","ping_status":"closed","template":"","meta":{"footnotes":""},"class_list":["post-891","page","type-page","status-publish"],"_links":{"self":[{"href":"https:\/\/besserwissen.org\/index.php?rest_route=\/wp\/v2\/pages\/891"}],"collection":[{"href":"https:\/\/besserwissen.org\/index.php?rest_route=\/wp\/v2\/pages"}],"about":[{"href":"https:\/\/besserwissen.org\/index.php?rest_route=\/wp\/v2\/types\/page"}],"author":[{"embeddable":true,"href":"https:\/\/besserwissen.org\/index.php?rest_route=\/wp\/v2\/users\/2"}],"replies":[{"embeddable":true,"href":"https:\/\/besserwissen.org\/index.php?rest_route=%2Fwp%2Fv2%2Fcomments&post=891"}],"version-history":[{"count":28,"href":"https:\/\/besserwissen.org\/index.php?rest_route=\/wp\/v2\/pages\/891\/revisions"}],"predecessor-version":[{"id":1600,"href":"https:\/\/besserwissen.org\/index.php?rest_route=\/wp\/v2\/pages\/891\/revisions\/1600"}],"wp:attachment":[{"href":"https:\/\/besserwissen.org\/index.php?rest_route=%2Fwp%2Fv2%2Fmedia&parent=891"}],"curies":[{"name":"wp","href":"https:\/\/api.w.org\/{rel}","templated":true}]}}