{"id":897,"date":"2019-08-13T18:41:52","date_gmt":"2019-08-13T16:41:52","guid":{"rendered":"https:\/\/besserwissen.org\/?page_id=897"},"modified":"2025-02-06T17:12:35","modified_gmt":"2025-02-06T15:12:35","slug":"deutsch-fuer-schueler","status":"publish","type":"page","link":"https:\/\/besserwissen.org\/?page_id=897","title":{"rendered":"Deutsch f\u00fcr Sch\u00fcler"},"content":{"rendered":"<div class=\"wp-block-image is-style-default\">\n<figure class=\"alignright is-resized\"><img decoding=\"async\" src=\"https:\/\/besserwissen.org\/wp-content\/uploads\/2020\/08\/AdobeStock_145076563-1024x681.jpeg\" alt=\"\" style=\"width:324px;height:215px\"\/><\/figure><\/div>\n\n\n<p class=\"p1\"><span class=\"s1\"><b>Deutsch f\u00fcr Kinder und Jugendliche<\/b><\/span><\/p>\n\n\n\n<p class=\"p3\"><span class=\"s1\">Ziel ist es, sowohl die schulischen Leistungen zu verbessern als auch das Selbstbewusstsein der Kinder und Jugendlichen zu st\u00e4rken und ihnen Freude am Lernen zu vermitteln. Sie lernen frei zu sprechen, im Stehen und von vorne Texte vorzutragen, dabei nicht verlegen die H\u00e4nde in den Taschen zu vergraben und zu Boden zu blicken, sondern ihr Publikum wahrzunehmen und anzusprechen. Inhaltlich orientieren wir uns am Lehrstoff der jeweiligen Altersgruppe: Bildergeschichten, Personen- oder Tierbeschreibungen stehen ebenso auf dem Programm wie Erlebniserz\u00e4hlungen, Nacherz\u00e4hlungen, Inhaltsangaben, Er\u00f6rterungen oder bei den Abiturienten Interpretationen. In jeder Altersstufe werden Diktate geschrieben.<\/span><\/p>\n\n\n\n<p class=\"p3\"><span class=\"s1\">F\u00fcr die Kinder und Jugendlichen, die unsere Deutschkurse besuchen, gibt es alle vier bis f\u00fcnf Wochen ein &#8222;Sprechen spezial&#8220;. Die Schauspielerin Antje Birnbaum arbeitet mit unseren Sch\u00fclern an Ausdruck, Sprechtechnik und Stimmsitz. Ziel: Was die Kinder und Jugendlichen zu sagen haben, sollen sie nicht nur mit guten Argumenten vertreten, sondern auch mit der notwendigen Betonung. Wer ein Referat h\u00e4lt oder einen Text pr\u00e4sentiert, muss sprechen k\u00f6nnen ohne zu leiern und lernen seine Zuh\u00f6rer auch durch K\u00f6rper und Stimme zu \u00fcberzeugen.<\/span><\/p>\n\n\n\n<p class=\"p6\"><span class=\"s1\">Das&nbsp;<b>Deutschtraining<\/b>&nbsp;geht \u00fcber Nachhilfe weit hinaus, denn die Sch\u00fcler werden angeregt ihre Fehler selbst zu finden und selbstst\u00e4ndig zu lernen. Auch psychologisch ist es wichtig, dass die Kinder nicht denken, sie m\u00fcssten zur Nachhilfe, weil sie schlecht seien. Sie sollen bemerken, dass sie anderen gegen\u00fcber im Vorteil sind.<\/span><\/p>\n\n\n\n<p class=\"p3\"><span class=\"s1\">Die&nbsp;<b>Preise unserer Kurse<\/b>&nbsp;finden Sie unten auf dieser Seite.<\/span><\/p>\n\n\n\n<p class=\"p3\"><span class=\"s2\"><b>Deutsch f\u00fcr bilinguale Vorschulkinder<\/b><\/span><\/p>\n\n\n\n<ul class=\"wp-block-list ul1\">\n<li><span class=\"s3\">Wortschatz, Bildergeschichten, Schreib\u00fcngen, Rollenspiele, korrektes Sprechen<\/span><\/li>\n\n\n\n<li><span class=\"s3\">Trainerin: Dr. Cornelia Schoof \/ Doris V\u00f6lkel<\/span><\/li>\n\n\n\n<li><span class=\"s3\"><span class=\"s3\">auf Anfrage<\/span><\/span><\/li>\n<\/ul>\n\n\n\n<p class=\"p3\"><span class=\"s2\"><b>Deutsch: 4. Klasse<\/b><\/span><\/p>\n\n\n\n<ul class=\"wp-block-list ul1\">\n<li><span class=\"s3\">Bilder-, Fantasie- und Reizwortgeschichten, Grammatik, Diktate, freies Sprechen<\/span><\/li>\n\n\n\n<li><span class=\"s3\">Trainerin: Dr. Cornelia Schoof \/ Doris V\u00f6lkel<\/span><\/li>\n\n\n\n<li><span class=\"s3\">auf Anfrage<\/span><\/li>\n<\/ul>\n\n\n\n<p class=\"p3\"><span class=\"s2\"><b>Deutsch: 5. Klasse<\/b><\/span><\/p>\n\n\n\n<ul class=\"wp-block-list ul1\">\n<li><span class=\"s3\">Fantasiegeschichten, Nacherz\u00e4hlungen, Kernaussagen, Grammatik, Diktate, freies Sprechen<\/span><\/li>\n\n\n\n<li><span class=\"s3\">Trainerin: Dr. Cornelia Schoof<\/span><\/li>\n\n\n\n<li><span class=\"s3\">auf Anfrage<\/span><\/li>\n<\/ul>\n\n\n\n<p class=\"p3\"><span class=\"s2\"><b>Deutsch: 6.\/7. Klasse<\/b><\/span><\/p>\n\n\n\n<ul class=\"wp-block-list ul1\">\n<li><span class=\"s3\">Inhaltsangaben, Aufs\u00e4tze mit eigenem Standpunkt, Grammatik, Diktate, freies Sprechen<\/span><\/li>\n\n\n\n<li><span class=\"s3\">Trainerin: Dr. Cornelia Schoof<\/span><\/li>\n\n\n\n<li><span class=\"s3\">auf Anfrage<\/span><\/li>\n<\/ul>\n\n\n\n<p class=\"p3\"><span class=\"s2\"><b>Deutsch: 9.\/10. Klasse<\/b><\/span><\/p>\n\n\n\n<ul class=\"wp-block-list ul1\">\n<li><span class=\"s3\">Er\u00f6rterungen, Textanalysen mit eigenem Standpunkt, Grammatik, Rechtschreibung, freies Sprechen<\/span><\/li>\n\n\n\n<li><span class=\"s3\">Trainerin: Dr. Cornelia Schoof<\/span><\/li>\n\n\n\n<li><span class=\"s3\">auf Anfrage<\/span><\/li>\n<\/ul>\n\n\n<div class=\"wp-block-image\">\n<figure class=\"alignright\"><img decoding=\"async\" src=\"https:\/\/besserwissen.org\/wp-content\/uploads\/2020\/08\/AdobeStock_319238000-1024x683.jpeg\" alt=\"\"\/><\/figure><\/div>\n\n\n<p class=\"p3\"><span class=\"s2\"><b>Deutsch 11. bis 13. Klasse<\/b><\/span><\/p>\n\n\n\n<ul class=\"wp-block-list ul1\">\n<li><span class=\"s3\">Grammatik, Lekt\u00fcren und freies Sprechen<\/span><\/li>\n\n\n\n<li><span class=\"s3\">Lehrerinnen: Dr. Cornelia Schoof\/Sabine Becker<\/span><\/li>\n\n\n\n<li><span class=\"s3\">Einzeltraining oder Zweiergruppen<\/span><\/li>\n\n\n\n<li><span class=\"s3\">Termine nach Absprache<\/span><\/li>\n<\/ul>\n\n\n\n<p class=\"p3\"><span class=\"s2\"><b>Elementarbereich (8. bis 13. Klasse)<\/b><\/span><\/p>\n\n\n\n<ul class=\"wp-block-list ul1\">\n<li><span class=\"s3\">Rechtschreibung, Grammatik<\/span><\/li>\n\n\n\n<li><span class=\"s3\">Trainerin: Sabine Becker<\/span><\/li>\n\n\n\n<li><span class=\"s3\">Termine nach Absprache<\/span><\/li>\n<\/ul>\n\n\n\n<p class=\"p3\"><span class=\"s2\"><b>Rechtschreibung 11. bis 13. Klasse<\/b><\/span><\/p>\n\n\n\n<ul class=\"wp-block-list ul1\">\n<li><span class=\"s3\">das gesamte Regelwerk der neuen Rechtschreibung, dazu Stil und Ausdruck<\/span><\/li>\n\n\n\n<li><span class=\"s3\">Trainerin: Sabine Becker<\/span><\/li>\n\n\n\n<li><span class=\"s3\">Termine nach Absprache<\/span><\/li>\n<\/ul>\n\n\n\n<p class=\"p1\"><span class=\"s1\"><b>Kursgeb\u00fchren<\/b><\/span><\/p>\n\n\n\n<p class=\"p3\"><span class=\"s1\">Unsere Gruppenkurse bieten wir pro Semester an: vom 1. M\u00e4rz bis zum 31. August und vom 1. September bis zum 28.\/29. Februar. Dabei wird die gesamte Kursgeb\u00fchr gemittelt und auf die sechs Monate eines Semesters umgerechnet, also auch auf die unterrichtsfreie Zeit in den schleswig-holsteinischen Schulferien und an den gesetzlichen Feiertagen. Sie haben aber immer die M\u00f6glichkeit, einzelne Stunden zuzubuchen. Ein Einstieg ist auch mitten im Semester m\u00f6glich.<\/span><\/p>\n\n\n\n<p class=\"p3\"><span class=\"s1\">pro Monat: 99 Euro (2 Personen; w\u00f6chentlich 60 Minuten)<\/span><\/p>\n\n\n\n<p class=\"p3\"><span class=\"s1\">pro Monat: 147 Euro (Einzeltraining; w\u00f6chentlich 60 Minuten)<\/span><\/p>\n\n\n\n<p class=\"p3\"><span class=\"s1\">Dar\u00fcber hinaus k\u00f6nnen Sie bei uns Specials buchen, d.h. Sie legen sich auf f\u00fcnf oder zehn Termine im Paket fest.<\/span><\/p>\n\n\n\n<p class=\"p3\"><span class=\"s1\">Special: 5 x 60 Minuten = 165 Euro (2 Personen)<\/span><\/p>\n\n\n\n<p class=\"p3\"><span class=\"s1\">Special: 5 x 60 Minuten = 245 Euro (Einzeltraining)<\/span><\/p>\n\n\n\n<p class=\"p3\"><span class=\"s1\">Wir erarbeiten mit Oberstufensch\u00fclern gezielt die Lekt\u00fcre, die im Unterricht behandelt wird. Diese Trainings bieten wir ebenfalls als Special an.<\/span><\/p>\n\n\n\n<p class=\"p3\"><span class=\"s1\">Special: 7 x 60 Minuten = 231 Euro pro Person (2 Personen)<\/span><\/p>\n\n\n\n<p class=\"p3\"><span class=\"s1\">Special: 7 x 60 Minuten: 343 Euro (Einzeltraining)<\/span><\/p>\n","protected":false},"excerpt":{"rendered":"<p>Deutsch f\u00fcr Kinder und Jugendliche Ziel ist es, sowohl die schulischen Leistungen zu verbessern als auch das Selbstbewusstsein der Kinder und Jugendlichen zu st\u00e4rken und ihnen Freude am Lernen zu vermitteln. Sie lernen frei zu sprechen, im Stehen und von vorne Texte vorzutragen, dabei nicht verlegen die H\u00e4nde in den Taschen zu vergraben und zu &#8230; <a title=\"Deutsch f\u00fcr Sch\u00fcler\" class=\"read-more\" href=\"https:\/\/besserwissen.org\/?page_id=897\">Weiterlesen <span class=\"screen-reader-text\">Deutsch f\u00fcr Sch\u00fcler<\/span><\/a><\/p>\n","protected":false},"author":2,"featured_media":0,"parent":0,"menu_order":0,"comment_status":"closed","ping_status":"closed","template":"","meta":{"footnotes":""},"class_list":["post-897","page","type-page","status-publish"],"_links":{"self":[{"href":"https:\/\/besserwissen.org\/index.php?rest_route=\/wp\/v2\/pages\/897"}],"collection":[{"href":"https:\/\/besserwissen.org\/index.php?rest_route=\/wp\/v2\/pages"}],"about":[{"href":"https:\/\/besserwissen.org\/index.php?rest_route=\/wp\/v2\/types\/page"}],"author":[{"embeddable":true,"href":"https:\/\/besserwissen.org\/index.php?rest_route=\/wp\/v2\/users\/2"}],"replies":[{"embeddable":true,"href":"https:\/\/besserwissen.org\/index.php?rest_route=%2Fwp%2Fv2%2Fcomments&post=897"}],"version-history":[{"count":9,"href":"https:\/\/besserwissen.org\/index.php?rest_route=\/wp\/v2\/pages\/897\/revisions"}],"predecessor-version":[{"id":1539,"href":"https:\/\/besserwissen.org\/index.php?rest_route=\/wp\/v2\/pages\/897\/revisions\/1539"}],"wp:attachment":[{"href":"https:\/\/besserwissen.org\/index.php?rest_route=%2Fwp%2Fv2%2Fmedia&parent=897"}],"curies":[{"name":"wp","href":"https:\/\/api.w.org\/{rel}","templated":true}]}}