{"id":931,"date":"2020-08-23T19:06:25","date_gmt":"2020-08-23T17:06:25","guid":{"rendered":"https:\/\/besserwissen.org\/?page_id=931"},"modified":"2025-02-06T17:32:22","modified_gmt":"2025-02-06T15:32:22","slug":"geschaeftspartner","status":"publish","type":"page","link":"https:\/\/besserwissen.org\/?page_id=931","title":{"rendered":"Gesch\u00e4ftspartner"},"content":{"rendered":"\n<p>Musikhochschule L\u00fcbeck<br><br>Jobcenter L\u00fcbeck<br><br>Arbeitsagentur L\u00fcbeck<br><br>Jobcenter Ostholstein<br><br>DEKRA Akademie GmbH<\/p>\n\n\n\n<p>Dr\u00e4ger AG<br><br>Kendrion Kuhnke Automation GmbH<br><br>Solero Technologies Malente GmbH<\/p>\n\n\n\n<p>H\u00e4matopathologie L\u00fcbeck<br><br>Weiterbildungszentrum Hansestadt L\u00fcbeck<br><br>SU WANYO Thai Massage &amp; Spa<\/p>\n\n\n\n<p><\/p>\n","protected":false},"excerpt":{"rendered":"<p>Musikhochschule L\u00fcbeck Jobcenter L\u00fcbeck Arbeitsagentur L\u00fcbeck Jobcenter Ostholstein DEKRA Akademie GmbH Dr\u00e4ger AG Kendrion Kuhnke Automation GmbH Solero Technologies Malente GmbH H\u00e4matopathologie L\u00fcbeck Weiterbildungszentrum Hansestadt L\u00fcbeck SU WANYO Thai Massage &amp; Spa<\/p>\n","protected":false},"author":2,"featured_media":0,"parent":0,"menu_order":0,"comment_status":"closed","ping_status":"closed","template":"","meta":{"footnotes":""},"class_list":["post-931","page","type-page","status-publish"],"_links":{"self":[{"href":"https:\/\/besserwissen.org\/index.php?rest_route=\/wp\/v2\/pages\/931"}],"collection":[{"href":"https:\/\/besserwissen.org\/index.php?rest_route=\/wp\/v2\/pages"}],"about":[{"href":"https:\/\/besserwissen.org\/index.php?rest_route=\/wp\/v2\/types\/page"}],"author":[{"embeddable":true,"href":"https:\/\/besserwissen.org\/index.php?rest_route=\/wp\/v2\/users\/2"}],"replies":[{"embeddable":true,"href":"https:\/\/besserwissen.org\/index.php?rest_route=%2Fwp%2Fv2%2Fcomments&post=931"}],"version-history":[{"count":7,"href":"https:\/\/besserwissen.org\/index.php?rest_route=\/wp\/v2\/pages\/931\/revisions"}],"predecessor-version":[{"id":1549,"href":"https:\/\/besserwissen.org\/index.php?rest_route=\/wp\/v2\/pages\/931\/revisions\/1549"}],"wp:attachment":[{"href":"https:\/\/besserwissen.org\/index.php?rest_route=%2Fwp%2Fv2%2Fmedia&parent=931"}],"curies":[{"name":"wp","href":"https:\/\/api.w.org\/{rel}","templated":true}]}}