{"id":933,"date":"2020-08-23T19:18:52","date_gmt":"2020-08-23T17:18:52","guid":{"rendered":"https:\/\/besserwissen.org\/?page_id=933"},"modified":"2022-09-07T11:43:01","modified_gmt":"2022-09-07T09:43:01","slug":"hygiene-konzept","status":"publish","type":"page","link":"https:\/\/besserwissen.org\/?page_id=933","title":{"rendered":"Hygiene-Konzept"},"content":{"rendered":"\n<p>Legende: GF = Gesch\u00e4ftsf\u00fchrung \/ MA = MitarbeiterIn \/ HON = Honorarmitarbeiterin<\/p>\n\n\n\n<figure class=\"wp-block-table is-style-stripes\"><table><tbody><tr><td>Methoden<\/td><td>Rhythmus<\/td><td>Kontrollen<\/td><\/tr><tr><td>Regeln laut Landesverordnung. <br><br><br>Desinfektionsspender an der Eingangst\u00fcr<\/td><td><br>permanent<br><br><br>jede Person beim Eintreten<\/td><td>GF und HON achten darauf, dass die Regelungen eingehalten werden<br><br>Alle Kunden desinfizieren sich die H\u00e4nde <\/td><\/tr><tr><td>Abst\u00e4nde im Klassenraum<\/td><td>greift, wenn Landesverordnung es vorschreibt<\/td><td>Bestuhlung und Belegung wurden durch die GF entsprechend der Abstandsregeln ge\u00e4ndert<\/td><\/tr><tr><td>nur 1 Person in der K\u00fcche<\/td><td>greift, wenn Landesverordnung es vorschreibt<\/td><td>GF und HON achten darauf, dass die Regelungen eingehalten werden<\/td><\/tr><tr><td>Wartebereich vor der K\u00fcche mit 1,5 m Abstand<\/td><td>greift, wenn Landesverordnung es vorschreibt<\/td><td>GF und HON achten darauf, dass die Regelungen eingehalten werden<\/td><\/tr><tr><td>Wartebereich vor den Toiletten mit 1,5 m Abstand<\/td><td>greift, wenn Landesverordnung es vorschreibt<\/td><td>GF und HON achten darauf, dass die Regelungen eingehalten werden<\/td><\/tr><tr><td>Pausenregelung<\/td><td>greift, wenn Landesverordnung es vorschreibt<\/td><td>GF und HON achten darauf, dass die Maskenpflicht ggf. umgesetzt wird<\/td><\/tr><tr><td>Nachverfolgung von Infektionsketten<\/td><td>greift, wenn Landesverordnung es vorschreibt<\/td><td>Bei einem Verdachtsfall werden die betroffenen Kunden \/ HON sofort informiert und weitere Ma\u00dfnahmen in Absprache mit dem Gesundheitsamt ergriffen<\/td><\/tr><tr><td>L\u00fcften der R\u00e4ume<\/td><td>vor und nach dem Unterricht. Bei sch\u00f6nem Wetter Unterricht bei ge\u00f6ffnetem Fenster<\/td><td>GF achtet darauf, dass die HON die R\u00e4ume l\u00fcften<\/td><\/tr><tr><td>Unterrichten von Gruppen<\/td><td>Bei sch\u00f6nem Wetter Unterricht bei ge\u00f6ffnetem Fenster<\/td><td>GF achtet darauf, dass die HON die R\u00e4ume l\u00fcften<\/td><\/tr><\/tbody><\/table><\/figure>\n\n\n\n<p>Die Gesundheit unserer Kolleg*innen und Kund*innen ist uns sehr wichtig. Wir achten akribisch darauf, dass unsere Hygieneregelungen eingehalten werden.<br><br>Wenn es Verbesserungspotenziale \/ Regelabweichungen gibt, wird zeitnah ein Gespr\u00e4ch zwischen der GF, der HON und ggf. den Kunden \/ TN gef\u00fchrt. Ziel ist es, L\u00f6sungen zu finden, die f\u00fcr alle tragbar und regelkonform sind.<\/p>\n","protected":false},"excerpt":{"rendered":"<p>Legende: GF = Gesch\u00e4ftsf\u00fchrung \/ MA = MitarbeiterIn \/ HON = Honorarmitarbeiterin Methoden Rhythmus Kontrollen Regeln laut Landesverordnung. Desinfektionsspender an der Eingangst\u00fcr permanent jede Person beim Eintreten GF und HON achten darauf, dass die Regelungen eingehalten werden Alle Kunden desinfizieren sich die H\u00e4nde Abst\u00e4nde im Klassenraum greift, wenn Landesverordnung es vorschreibt Bestuhlung und Belegung wurden &#8230; <a title=\"Hygiene-Konzept\" class=\"read-more\" href=\"https:\/\/besserwissen.org\/?page_id=933\">Weiterlesen <span class=\"screen-reader-text\">Hygiene-Konzept<\/span><\/a><\/p>\n","protected":false},"author":2,"featured_media":0,"parent":0,"menu_order":0,"comment_status":"closed","ping_status":"closed","template":"","meta":{"footnotes":""},"class_list":["post-933","page","type-page","status-publish"],"_links":{"self":[{"href":"https:\/\/besserwissen.org\/index.php?rest_route=\/wp\/v2\/pages\/933"}],"collection":[{"href":"https:\/\/besserwissen.org\/index.php?rest_route=\/wp\/v2\/pages"}],"about":[{"href":"https:\/\/besserwissen.org\/index.php?rest_route=\/wp\/v2\/types\/page"}],"author":[{"embeddable":true,"href":"https:\/\/besserwissen.org\/index.php?rest_route=\/wp\/v2\/users\/2"}],"replies":[{"embeddable":true,"href":"https:\/\/besserwissen.org\/index.php?rest_route=%2Fwp%2Fv2%2Fcomments&post=933"}],"version-history":[{"count":5,"href":"https:\/\/besserwissen.org\/index.php?rest_route=\/wp\/v2\/pages\/933\/revisions"}],"predecessor-version":[{"id":1378,"href":"https:\/\/besserwissen.org\/index.php?rest_route=\/wp\/v2\/pages\/933\/revisions\/1378"}],"wp:attachment":[{"href":"https:\/\/besserwissen.org\/index.php?rest_route=%2Fwp%2Fv2%2Fmedia&parent=933"}],"curies":[{"name":"wp","href":"https:\/\/api.w.org\/{rel}","templated":true}]}}